{"id":90,"date":"2025-05-16T04:50:40","date_gmt":"2025-05-16T04:50:40","guid":{"rendered":"https:\/\/hlas.one\/rs\/?page_id=90"},"modified":"2025-05-16T09:55:51","modified_gmt":"2025-05-16T09:55:51","slug":"o-nama","status":"publish","type":"page","link":"https:\/\/hlas.one\/rs\/o-nama\/","title":{"rendered":"O NAMA"},"content":{"rendered":"\n<p>Dobrodo\u0161li na portal Hlas, izdava\u010da Nopea.<\/p>\n\n\n\n<p>Po\u010deli smo zvani\u010dno sa radom 1. januara&nbsp; 2018. godine.<\/p>\n\n\n\n<p>Misija: Kreiramo profesionalne sadr\u017eaje u digitalnom multimedijalnom okru\u017eenju, sa ciljem celovitog i potpunog zadovoljstva na\u0161e publike.<\/p>\n\n\n\n<p>Odgovorni urednik: mr Nenad Lau\u0161ev<\/p>\n\n\n\n<p>Odgovornog urednika na \u010ce\u0161kom jeziku: Prof. dr Jo\u017ee Siva\u010dek, PhD<\/p>\n\n\n\n<p>Registarski broj: IN000605<\/p>\n\n\n\n<p><\/p>\n","protected":false},"excerpt":{"rendered":"<p>Dobrodo\u0161li na portal Hlas, izdava\u010da Nopea. Po\u010deli smo zvani\u010dno sa radom 1. januara&nbsp; 2018. godine. Misija: Kreiramo profesionalne sadr\u017eaje u digitalnom multimedijalnom okru\u017eenju, sa ciljem celovitog i potpunog zadovoljstva na\u0161e publike. Odgovorni urednik: mr Nenad Lau\u0161ev Odgovornog urednika na \u010ce\u0161kom jeziku: Prof. dr Jo\u017ee Siva\u010dek, PhD Registarski broj: IN000605<\/p>\n","protected":false},"author":1,"featured_media":0,"parent":0,"menu_order":0,"comment_status":"closed","ping_status":"closed","template":"","meta":{"pagelayer_contact_templates":[],"_pagelayer_content":"","footnotes":""},"class_list":["post-90","page","type-page","status-publish","hentry"],"_links":{"self":[{"href":"https:\/\/hlas.one\/rs\/wp-json\/wp\/v2\/pages\/90","targetHints":{"allow":["GET"]}}],"collection":[{"href":"https:\/\/hlas.one\/rs\/wp-json\/wp\/v2\/pages"}],"about":[{"href":"https:\/\/hlas.one\/rs\/wp-json\/wp\/v2\/types\/page"}],"author":[{"embeddable":true,"href":"https:\/\/hlas.one\/rs\/wp-json\/wp\/v2\/users\/1"}],"replies":[{"embeddable":true,"href":"https:\/\/hlas.one\/rs\/wp-json\/wp\/v2\/comments?post=90"}],"version-history":[{"count":3,"href":"https:\/\/hlas.one\/rs\/wp-json\/wp\/v2\/pages\/90\/revisions"}],"predecessor-version":[{"id":118,"href":"https:\/\/hlas.one\/rs\/wp-json\/wp\/v2\/pages\/90\/revisions\/118"}],"wp:attachment":[{"href":"https:\/\/hlas.one\/rs\/wp-json\/wp\/v2\/media?parent=90"}],"curies":[{"name":"wp","href":"https:\/\/api.w.org\/{rel}","templated":true}]}}